{"id":323,"date":"2026-03-25T15:08:23","date_gmt":"2026-03-25T15:08:23","guid":{"rendered":"https:\/\/maxservice.it\/?page_id=323"},"modified":"2026-03-25T15:31:11","modified_gmt":"2026-03-25T15:31:11","slug":"privacy-policy","status":"publish","type":"page","link":"https:\/\/maxservice.it\/?page_id=323","title":{"rendered":"PRIVACY POLICY"},"content":{"rendered":"<div class=\"wpb-content-wrapper\"><p>[vc_row][vc_column][vc_column_text css=&#8221;&#8221;]<\/p>\n<h1>Privacy Policy<\/h1>\n<p>Aggiornata al 25.09.2021<\/p>\n<p>Questa informativa \u00e8 redatta e personalizzata per i visitatori del sito web www.maxservice.it. Il presente documento annulla e sostituisce integralmente il documento che era stato pubblicato in precedenza in tema di cookie.<\/p>\n<p>&nbsp;<\/p>\n<p>PRIVACY POLICY &#8211; INFORMATIVA SITO WEB AI SENSI DELL\u2019ART 13 E 14 DEL REGOLAMENTO EUROPEO 2016\/679 (GDPR)<\/p>\n<p>Specifiche informative di sintesi sono progressivamente riportate o visualizzate nelle pagine del sito predisposte per particolari servizi a richiesta che prevedono form per la raccolta dei dati. La informiamo inoltre che, per fornire un servizio completo, il nostro sito pu\u00f2 contenere link ad altri siti web, non gestiti da Max Services S.r.l.. Max Services S.r.l. non \u00e8 responsabile di errori, contenuti, cookies, pubblicazioni di contenuto morale illecito, pubblicit\u00e0, banner o files non conformi alle disposizioni normative vigenti e del rispetto della normativa Privacy da parte di siti non gestiti dal Titolare.<\/p>\n<p>&nbsp;<\/p>\n<p>Max Services S.r.l., in qualit\u00e0 di Titolare del trattamento dei suoi dati personali ai sensi e per gli effetti degli art. 13 e 14 del Regolamento Europeo 2016\/679, con la presente La informa che la citata normativa prevede la tutela dei soggetti \u00a0interessati rispetto al trattamento dei dati personali e che tale trattamento sar\u00e0 improntato ai principi di correttezza, liceit\u00e0 e trasparenza e di tutela della Sua riservatezza e dei Suoi diritti. Le informazioni ed i dati personali da Lei forniti od altrimenti acquisti nell\u2019ambito dell\u2019utilizzo del sito saranno trattati in accordo alle disposizioni legislative della normativa sopra richiamata e degli obblighi di riservatezza ivi previsti<\/p>\n<p>&nbsp;<\/p>\n<p><strong>SOGGETTI INTERESSATI E TEMPO DI CONSERVAZIONE<\/strong><\/p>\n<p><strong>utenti (navigatori) del sito web www.maxservice.it<\/strong><\/p>\n<p><strong>Tipologia di dati trattati<\/strong><\/p>\n<ul>\n<li>Dati di Navigazione: gli indirizzi IP o i nomi a dominio dei computer e di altri dispositivi utilizzati dagli utenti che si connettono al sito; gli indirizzi in notazione URI (Uniform Resource Identifier) delle risorse richieste ed eventuali indicazioni temporali delle stesse; parametri relativi al sistema operativo e all&#8217;ambiente informatico dell&#8217;utente; pagine di partenza e di arrivo; indice di Navigazione e comportamenti identificativi durante la visualizzazione delle pagine del sito.<\/li>\n<li>Dati personali forniti volontariamente dall&#8217;utente: l&#8217;invio facoltativo, esplicito e volontario di posta elettronica agli indirizzi indicati su questo sito e la compilazione di form presenti sul medesimo comporta la successiva acquisizione dei dati personali del mittente (a mero titolo esemplificativo nome, cognome, indirizzo mail). Specifiche informative di sintesi sono presenti nelle pagine che prevedono i form.<\/li>\n<\/ul>\n<p>Finalit\u00e0 del trattamento: i Suoi dati raccolti durante la navigazione verranno trattati per le seguenti finalit\u00e0.<\/p>\n<ul>\n<li>1) svolgimento di operazioni strettamente connesse e strumentali alla gestione dei rapporti con gli utenti o dei visitatori del sito;<\/li>\n<li>2) raccolta, conservazione ed elaborazione dei suoi dati per garantire alcuni servizi previsti dal sito (cookie funzionali);<\/li>\n<\/ul>\n<p>Il trattamento dei dati per l\u2019espletamento della finalit\u00e0 di cui al punto 1 e 2 \u00e8 necessaria per adempiere ad una sua richiesta e l\u2019eventuale rifiuto potrebbe limitare e\/o impedire l\u2019utilizzo in pieno delle funzionalit\u00e0 e dei servizi presenti sul sito. La base giuridica per il trattamento dei Suoi dati per le finalit\u00e0 di cui ai punti 1, 2 \u00e8 l\u2019adempimento di una sua richiesta, ai sensi dell\u2019articolo 6.1.b.) del GDPR; l\u2019eventuale Suo rifiuto di conferire tali dati implicherebbe l\u2019impossibilit\u00e0 di consultare il Sito.<\/p>\n<p>I dati di navigazione sono conservati per i tempi indicati nella cookie policy resa di seguito.<\/p>\n<p><strong>MODALITA\u2019 DEL TRATTAMENTO DEI DATI PERSONALI<\/strong><\/p>\n<p>I suoi dati personali saranno trattati con modalit\u00e0 elettroniche e\/o telematiche, mediante l\u2019utilizzo di cookie (come indicato nella cookie policy) e a mezzo di calcolatori elettronici con utilizzo di software di terze parti nel rispetto delle modalit\u00e0 di cui agli artt. 6, 32 del GDPR e mediante l&#8217;adozione delle adeguate misure di sicurezza previste.<\/p>\n<p>&nbsp;<\/p>\n<p>&nbsp;<\/p>\n<p>&nbsp;<\/p>\n<p><strong>DESTINATARI DEI DATI PERSONALI E DIFFUSIONE DEI DATI<\/strong><\/p>\n<p>I suoi dati saranno trattati da personale opportunamente incaricato e saranno comunicati all\u2019esterno a societ\u00e0 che agiscono in qualit\u00e0 di autonomo Titolare o Responsabile del trattamento:<\/p>\n<ul>\n<li>fornitori di servizi di assistenza tecnica;<\/li>\n<li>societ\u00e0 terze che forniscono i servizi per la gestione del sistema informatico, ivi inclusi i servizi di hosting dei server e di backup;<\/li>\n<\/ul>\n<p>L\u2019elenco completo pu\u00f2 essere richiesto scrivendo ai recapiti del Titolare<\/p>\n<p>I suoi dati non saranno oggetto di diffusione.<\/p>\n<p><strong>PERIODO DI CONSERVAZIONE<\/strong><\/p>\n<p>Le segnaliamo che, nel rispetto dei principi di liceit\u00e0, limitazione delle finalit\u00e0 e minimizzazione dei dati, ai sensi<\/p>\n<p>dell\u2019art. 5 del GDPR, i dati di navigazione sono conservati per i tempi indicati nella cookie policy disponibile sul sito.<\/p>\n<p>&nbsp;<\/p>\n<p><strong>MINORI<\/strong><\/p>\n<p>Il Sito non \u00e8 diretto all\u2019utilizzo da parte di minori e non sono raccolti dati di minori da parte del Titolare. Nel caso in cui il Titolare sia a conoscenza della raccolta di tali dati (es. tramite form presenti sul sito) li canceller\u00e0 immediatamente. Il Titolare risponder\u00e0 alle richieste di informazioni in conformit\u00e0 con le leggi applicabili. Si ricorda che l\u2019esercente la responsabilit\u00e0 genitoriale \u00e8 tenuto nel caso di richieste di informazioni a fornirci il consenso alla raccolta dei dati personali del minore.<\/p>\n<p><strong>\u00a0<\/strong><\/p>\n<p><strong>TITOLARE DEL TRATTAMENTO<\/strong><\/p>\n<p>Il Titolare del trattamento \u00e8 Max Services S.r.l., con sede legale in Via Magellano 4 &#8211; 42046 Reggiolo (RE) \u2013 Italy, tel. <a href=\"tel:+39%200522%20972597\">+39 0522 972597<\/a>, mail: privacy@maxservice.it nella persona del legale rappresentante pro-tempore.<\/p>\n<p>Lei ha diritto di ottenere dal Titolare la cancellazione (diritto all&#8217;oblio), la limitazione, l&#8217;aggiornamento, la rettificazione, la portabilit\u00e0, l&#8217;opposizione al trattamento dei dati personali che La riguardano, nonch\u00e9 in generale pu\u00f2 esercitare tutti i diritti previsti dagli artt. 15 e seguenti del Regolamento Europeo 2016\/679 scrivendo <u>privacy@maxservice.it <\/u>oppure contattando il Titolare ai recapiti aziendali forniti nel presente documento. L\u2019interessato ha il diritto di <strong>proporre reclamo all\u2019Autorit\u00e0 di controllo<\/strong><strong>\u00a0 <\/strong><\/p>\n<p><strong><br \/>\nAPPLICAZIONE DELLA PRESENTE INFORMATIVA<\/strong><\/p>\n<p>Se avete dubbi riguardo la presente Informativa, contattate innanzitutto Max Services S.r.l. inviando una\u00a0e-mail all\u2019indirizzo <a href=\"mailto:privacy@maxservice.it\">privacy@maxservice.it<\/a> oppure contattando il Titolare ai recapiti aziendali forniti nel presente documento.<\/p>\n<p><strong><br \/>\nMODIFICHE ALLA PRESENTE INFORMATIVA<\/strong><\/p>\n<p>Max Services S.r.l. si riserva il diritto di aggiornare la presente informativa per adeguarla al diritto sopravveniente, nonch\u00e9 tenendo in debita considerazione i suggerimenti trasmessi da dipendenti, clienti, collaboratori e utenti. In caso di modifiche da parte di Max Services S.r.l., verr\u00e0 tempestivamente aggiornata l\u2019Informativa Privacy presente sulla pagina principale di privacy e sulla Homepage del sito web <a href=\"http:\/\/www.maxservice.t\">www.maxservice.t<\/a><\/p>\n<p>Reg.to UE 2016\/679: Artt. 15, 16, 17, 18, 19, 20, 21, 22 &#8211; Diritti dell&#8217;Interessato<\/p>\n<ol>\n<li>L&#8217;interessato ha diritto di ottenere la conferma dell&#8217;esistenza o meno di dati personali che lo riguardano, anche se non ancora registrati, e la<\/li>\n<\/ol>\n<p>loro comunicazione in forma intelligibile e la possibilit\u00e0 di effettuare reclamo presso l\u2019Autorit\u00e0 di controllo<\/p>\n<ol start=\"2\">\n<li>L&#8217;interessato ha diritto di ottenere l&#8217;indicazione:<\/li>\n<li>dell&#8217;origine dei dati personali;<\/li>\n<li>delle finalit\u00e0 e modalit\u00e0 del trattamento;<\/li>\n<li>della logica applicata in caso di trattamento effettuato con l&#8217;ausilio di strumenti elettronici;<\/li>\n<li>degli estremi identificativi del titolare, dei responsabili e del rappresentante designato ai sensi dell&#8217;articolo 5, comma 2;<\/li>\n<li>dei soggetti o delle categorie di soggetti ai quali i dati personali possono essere comunicati o che possono venirne a conoscenza in qualit\u00e0 di rappresentante designato nel territorio dello Stato, di responsabili o personale autorizzato al trattamento dei dati personali.<\/li>\n<li>L&#8217;interessato ha diritto di ottenere:<\/li>\n<li>l&#8217;aggiornamento, la rettificazione ovvero, quando vi ha interesse, l&#8217;integrazione dei dati;<\/li>\n<li>la cancellazione, la trasformazione in forma anonima o il blocco dei dati trattati in violazione di legge, compresi quelli di cui non \u00e8 necessaria la conservazione in relazione agli scopi per i quali i dati sono stati raccolti o successivamente trattati;<\/li>\n<li>l&#8217;attestazione che le operazioni di cui alle lettere a) e b) sono state portate a conoscenza, anche per quanto riguarda il loro contenuto, di coloro ai quali i dati sono stati comunicati o diffusi, eccettuato il caso in cui tale adempimento si rivela impossibile o comporta un impiego di mezzi manifestamente sproporzionato rispetto al diritto tutelato;<\/li>\n<li>la portabilit\u00e0 dei dati.<\/li>\n<li>L&#8217;interessato ha diritto di opporsi, in tutto o in parte:<\/li>\n<li>per motivi legittimi al trattamento dei dati personali che lo riguardano, ancorch\u00e9 pertinenti allo scopo della raccolta;<\/li>\n<li>al trattamento di dati personali che lo riguardano a fini di invio di materiale pubblicitario o di vendita diretta o per il compimento di ricerche di mercato o di comunicazione commerciale<\/li>\n<\/ol>\n<p>[\/vc_column_text][\/vc_column][\/vc_row]<\/p>\n<\/div>","protected":false},"excerpt":{"rendered":"<p>[vc_row][vc_column][vc_column_text css=&#8221;&#8221;] Privacy Policy Aggiornata al 25.09.2021 Questa informativa \u00e8 redatta e personalizzata per i visitatori del sito web www.maxservice.it. Il presente documento annulla e sostituisce integralmente il documento che era stato pubblicato in precedenza in tema di cookie. &nbsp; PRIVACY POLICY &#8211; INFORMATIVA SITO WEB AI SENSI DELL\u2019ART 13 E 14 DEL REGOLAMENTO EUROPEO [&hellip;]<\/p>\n","protected":false},"author":1,"featured_media":0,"parent":0,"menu_order":0,"comment_status":"closed","ping_status":"closed","template":"page-templates\/template-canvas.php","meta":{"footnotes":""},"class_list":["post-323","page","type-page","status-publish","hentry"],"_links":{"self":[{"href":"https:\/\/maxservice.it\/index.php?rest_route=\/wp\/v2\/pages\/323","targetHints":{"allow":["GET"]}}],"collection":[{"href":"https:\/\/maxservice.it\/index.php?rest_route=\/wp\/v2\/pages"}],"about":[{"href":"https:\/\/maxservice.it\/index.php?rest_route=\/wp\/v2\/types\/page"}],"author":[{"embeddable":true,"href":"https:\/\/maxservice.it\/index.php?rest_route=\/wp\/v2\/users\/1"}],"replies":[{"embeddable":true,"href":"https:\/\/maxservice.it\/index.php?rest_route=%2Fwp%2Fv2%2Fcomments&post=323"}],"version-history":[{"count":4,"href":"https:\/\/maxservice.it\/index.php?rest_route=\/wp\/v2\/pages\/323\/revisions"}],"predecessor-version":[{"id":334,"href":"https:\/\/maxservice.it\/index.php?rest_route=\/wp\/v2\/pages\/323\/revisions\/334"}],"wp:attachment":[{"href":"https:\/\/maxservice.it\/index.php?rest_route=%2Fwp%2Fv2%2Fmedia&parent=323"}],"curies":[{"name":"wp","href":"https:\/\/api.w.org\/{rel}","templated":true}]}}